{"id":59,"date":"2024-01-29T20:45:41","date_gmt":"2024-01-29T19:45:41","guid":{"rendered":"https:\/\/primoer.uni-paderborn.de\/gruppen\/"},"modified":"2025-04-15T11:58:48","modified_gmt":"2025-04-15T09:58:48","slug":"gruppen","status":"publish","type":"page","link":"https:\/\/primoer.uni-paderborn.de\/fokusgruppen\/gruppen\/","title":{"rendered":"Fokusgruppenbereich"},"content":{"rendered":"\t\t<div data-elementor-type=\"wp-page\" data-elementor-id=\"59\" class=\"elementor elementor-59\" data-elementor-post-type=\"page\">\n\t\t\t\t<div class=\"elementor-element elementor-element-2b46b50 e-flex e-con-boxed e-con e-parent\" data-id=\"2b46b50\" data-element_type=\"container\" data-e-type=\"container\">\n\t\t\t\t\t<div class=\"e-con-inner\">\n\t\t\t\t<div class=\"elementor-element elementor-element-26185e0 elementor-widget elementor-widget-text-editor\" data-id=\"26185e0\" data-element_type=\"widget\" data-e-type=\"widget\" data-widget_type=\"text-editor.default\">\n\t\t\t\t<div class=\"elementor-widget-container\">\n\t\t\t\t\t\t\t\t\t<p>In der PrimOER-Community bilden Fokusgruppen das Herzst\u00fcck der Zusammenarbeit: Hier handelt es sich um Zusammenschl\u00fcsse von Lehrenden, die \u00e4hnliche Interessensschwerpunkte teilen und sich intensiver austauschen sowie miteinander kooperieren wollen. PrimOER m\u00f6chte diesen Prozess formativ evaluieren, eine Mitwirkung daran ist nat\u00fcrlich freiwillig.\u00a0<\/p><p>Innerhalb dieser Gruppen k\u00f6nnen gemeinsame Ziele festgelegt werden, wie beispielsweise die Entwicklung von Lehrkooperationen, gemeinsame Tagungsbeitr\u00e4ge oder Publikationen zu selbst festgelegten Themen. Dar\u00fcber hinaus bieten die Fokusgruppen die M\u00f6glichkeit, innovative Kooperationsformen in der Lehre zu erproben, insbesondere im Rahmen von Open Educational Practices (OEP) und bestenfalls unter Einbezug von Open Educational Ressources (OER).<\/p><p>Die Zusammenarbeit innerhalb der Fokusgruppen wird eigenverantwortlich und selbstorganisiert gestaltet. Wir empfehlen, eine oder mehrere Kontaktpersonen innerhalb der Fokusgruppe zu benennen, die zun\u00e4chst f\u00fcr ein halbes Jahr als Ansprechpartner:in(en) f\u00fcr das Projektteam fungiert\/fungieren. Die H\u00e4ufigkeit und das Format der Treffen werden innerhalb der Gruppen selbst abgestimmt. Unten pr\u00e4sentieren sich die aktuellen Fokusgruppen. Schlie\u00dfen Sie sich gerne an!<\/p>\t\t\t\t\t\t\t\t<\/div>\n\t\t\t\t<\/div>\n\t\t\t\t\t<\/div>\n\t\t\t\t<\/div>\n\t\t\t\t<\/div>\n\t\t","protected":false},"excerpt":{"rendered":"<p>In der PrimOER-Community bilden Fokusgruppen das Herzst\u00fcck der Zusammenarbeit: Hier handelt es sich um Zusammenschl\u00fcsse von Lehrenden, die \u00e4hnliche Interessensschwerpunkte teilen und sich intensiver austauschen&hellip;<\/p>\n","protected":false},"author":15,"featured_media":0,"parent":1030,"menu_order":0,"comment_status":"closed","ping_status":"closed","template":"","meta":{"footnotes":""},"class_list":["post-59","page","type-page","status-publish","hentry"],"yoast_head":"<!-- This site is optimized with the Yoast SEO plugin v27.5 - https:\/\/yoast.com\/product\/yoast-seo-wordpress\/ -->\n<title>Fokusgruppenbereich - PrimOER Portal<\/title>\n<meta name=\"robots\" content=\"index, follow, max-snippet:-1, max-image-preview:large, max-video-preview:-1\" \/>\n<link rel=\"canonical\" href=\"https:\/\/primoer.uni-paderborn.de\/en\/fokusgruppen\/gruppen\/\" \/>\n<meta property=\"og:locale\" content=\"en_US\" \/>\n<meta property=\"og:type\" content=\"article\" \/>\n<meta property=\"og:title\" content=\"Fokusgruppenbereich - PrimOER Portal\" \/>\n<meta property=\"og:description\" content=\"In der PrimOER-Community bilden Fokusgruppen das Herzst\u00fcck der Zusammenarbeit: Hier handelt es sich um Zusammenschl\u00fcsse von Lehrenden, die \u00e4hnliche Interessensschwerpunkte teilen und sich intensiver austauschen&hellip;\" \/>\n<meta property=\"og:url\" content=\"https:\/\/primoer.uni-paderborn.de\/fokusgruppen\/gruppen\/\" \/>\n<meta property=\"og:site_name\" content=\"PrimOER Portal\" \/>\n<meta property=\"article:modified_time\" content=\"2025-04-15T09:58:48+00:00\" \/>\n<meta name=\"twitter:card\" content=\"summary_large_image\" \/>\n<meta name=\"twitter:label1\" content=\"Est. reading time\" \/>\n\t<meta name=\"twitter:data1\" content=\"1 minute\" \/>\n<script type=\"application\/ld+json\" class=\"yoast-schema-graph\">{\"@context\":\"https:\\\/\\\/schema.org\",\"@graph\":[{\"@type\":\"WebPage\",\"@id\":\"https:\\\/\\\/primoer.uni-paderborn.de\\\/fokusgruppen\\\/gruppen\\\/\",\"url\":\"https:\\\/\\\/primoer.uni-paderborn.de\\\/fokusgruppen\\\/gruppen\\\/\",\"name\":\"Fokusgruppenbereich - PrimOER Portal\",\"isPartOf\":{\"@id\":\"https:\\\/\\\/primoer.uni-paderborn.de\\\/en\\\/#website\"},\"datePublished\":\"2024-01-29T19:45:41+00:00\",\"dateModified\":\"2025-04-15T09:58:48+00:00\",\"breadcrumb\":{\"@id\":\"https:\\\/\\\/primoer.uni-paderborn.de\\\/fokusgruppen\\\/gruppen\\\/#breadcrumb\"},\"inLanguage\":\"en-US\",\"potentialAction\":[{\"@type\":\"ReadAction\",\"target\":[\"https:\\\/\\\/primoer.uni-paderborn.de\\\/fokusgruppen\\\/gruppen\\\/\"]}]},{\"@type\":\"BreadcrumbList\",\"@id\":\"https:\\\/\\\/primoer.uni-paderborn.de\\\/fokusgruppen\\\/gruppen\\\/#breadcrumb\",\"itemListElement\":[{\"@type\":\"ListItem\",\"position\":1,\"name\":\"Startseite\",\"item\":\"https:\\\/\\\/primoer.uni-paderborn.de\\\/en\\\/\"},{\"@type\":\"ListItem\",\"position\":2,\"name\":\"Fokusgruppen\",\"item\":\"https:\\\/\\\/primoer.uni-paderborn.de\\\/en\\\/fokusgruppen\\\/\"},{\"@type\":\"ListItem\",\"position\":3,\"name\":\"Fokusgruppenbereich\"}]},{\"@type\":\"WebSite\",\"@id\":\"https:\\\/\\\/primoer.uni-paderborn.de\\\/en\\\/#website\",\"url\":\"https:\\\/\\\/primoer.uni-paderborn.de\\\/en\\\/\",\"name\":\"PrimOER Portal\",\"description\":\"\",\"potentialAction\":[{\"@type\":\"SearchAction\",\"target\":{\"@type\":\"EntryPoint\",\"urlTemplate\":\"https:\\\/\\\/primoer.uni-paderborn.de\\\/en\\\/?s={search_term_string}\"},\"query-input\":{\"@type\":\"PropertyValueSpecification\",\"valueRequired\":true,\"valueName\":\"search_term_string\"}}],\"inLanguage\":\"en-US\"}]}<\/script>\n<!-- \/ Yoast SEO plugin. -->","yoast_head_json":{"title":"Fokusgruppenbereich - PrimOER Portal","robots":{"index":"index","follow":"follow","max-snippet":"max-snippet:-1","max-image-preview":"max-image-preview:large","max-video-preview":"max-video-preview:-1"},"canonical":"https:\/\/primoer.uni-paderborn.de\/en\/fokusgruppen\/gruppen\/","og_locale":"en_US","og_type":"article","og_title":"Fokusgruppenbereich - PrimOER Portal","og_description":"In der PrimOER-Community bilden Fokusgruppen das Herzst\u00fcck der Zusammenarbeit: Hier handelt es sich um Zusammenschl\u00fcsse von Lehrenden, die \u00e4hnliche Interessensschwerpunkte teilen und sich intensiver austauschen&hellip;","og_url":"https:\/\/primoer.uni-paderborn.de\/fokusgruppen\/gruppen\/","og_site_name":"PrimOER Portal","article_modified_time":"2025-04-15T09:58:48+00:00","twitter_card":"summary_large_image","twitter_misc":{"Est. reading time":"1 minute"},"schema":{"@context":"https:\/\/schema.org","@graph":[{"@type":"WebPage","@id":"https:\/\/primoer.uni-paderborn.de\/fokusgruppen\/gruppen\/","url":"https:\/\/primoer.uni-paderborn.de\/fokusgruppen\/gruppen\/","name":"Fokusgruppenbereich - PrimOER Portal","isPartOf":{"@id":"https:\/\/primoer.uni-paderborn.de\/en\/#website"},"datePublished":"2024-01-29T19:45:41+00:00","dateModified":"2025-04-15T09:58:48+00:00","breadcrumb":{"@id":"https:\/\/primoer.uni-paderborn.de\/fokusgruppen\/gruppen\/#breadcrumb"},"inLanguage":"en-US","potentialAction":[{"@type":"ReadAction","target":["https:\/\/primoer.uni-paderborn.de\/fokusgruppen\/gruppen\/"]}]},{"@type":"BreadcrumbList","@id":"https:\/\/primoer.uni-paderborn.de\/fokusgruppen\/gruppen\/#breadcrumb","itemListElement":[{"@type":"ListItem","position":1,"name":"Startseite","item":"https:\/\/primoer.uni-paderborn.de\/en\/"},{"@type":"ListItem","position":2,"name":"Fokusgruppen","item":"https:\/\/primoer.uni-paderborn.de\/en\/fokusgruppen\/"},{"@type":"ListItem","position":3,"name":"Fokusgruppenbereich"}]},{"@type":"WebSite","@id":"https:\/\/primoer.uni-paderborn.de\/en\/#website","url":"https:\/\/primoer.uni-paderborn.de\/en\/","name":"PrimOER Portal","description":"","potentialAction":[{"@type":"SearchAction","target":{"@type":"EntryPoint","urlTemplate":"https:\/\/primoer.uni-paderborn.de\/en\/?s={search_term_string}"},"query-input":{"@type":"PropertyValueSpecification","valueRequired":true,"valueName":"search_term_string"}}],"inLanguage":"en-US"}]}},"_links":{"self":[{"href":"https:\/\/primoer.uni-paderborn.de\/en\/wp-json\/wp\/v2\/pages\/59","targetHints":{"allow":["GET"]}}],"collection":[{"href":"https:\/\/primoer.uni-paderborn.de\/en\/wp-json\/wp\/v2\/pages"}],"about":[{"href":"https:\/\/primoer.uni-paderborn.de\/en\/wp-json\/wp\/v2\/types\/page"}],"author":[{"embeddable":true,"href":"https:\/\/primoer.uni-paderborn.de\/en\/wp-json\/wp\/v2\/users\/15"}],"replies":[{"embeddable":true,"href":"https:\/\/primoer.uni-paderborn.de\/en\/wp-json\/wp\/v2\/comments?post=59"}],"version-history":[{"count":0,"href":"https:\/\/primoer.uni-paderborn.de\/en\/wp-json\/wp\/v2\/pages\/59\/revisions"}],"up":[{"embeddable":true,"href":"https:\/\/primoer.uni-paderborn.de\/en\/wp-json\/wp\/v2\/pages\/1030"}],"wp:attachment":[{"href":"https:\/\/primoer.uni-paderborn.de\/en\/wp-json\/wp\/v2\/media?parent=59"}],"curies":[{"name":"wp","href":"https:\/\/api.w.org\/{rel}","templated":true}]}}